{"id":26,"date":"2024-05-10T18:56:14","date_gmt":"2024-05-10T16:56:14","guid":{"rendered":"https:\/\/www.cvpcpa.gob.sv\/webapp\/firma\/?page_id=26"},"modified":"2024-07-08T18:30:19","modified_gmt":"2024-07-08T16:30:19","slug":"noticias","status":"publish","type":"page","link":"https:\/\/www.cvpcpa.gob.sv\/webapp\/firma\/noticias\/","title":{"rendered":"Noticias"},"content":{"rendered":"\n<p><\/p>\n\n\n<div ><style id=\"sp_pcp_dynamic_style213\">#pcp_wrapper-213 .sp-pcp-row{ margin-right: -10px;margin-left: -10px;}#pcp_wrapper-213 .sp-pcp-row [class*='sp-pcp-col-']{padding-right: 10px;padding-left: 10px;padding-bottom: 20px;}.pcp-wrapper-213 .sp-pcp-title a {color: #111;display: inherit;} .pcp-wrapper-213 .sp-pcp-title a:hover {color: #e1624b;}.pcp-wrapper-213 .sp-pcp-post-content{color: #444; }#pcp_wrapper-213 .sp-pcp-post {padding: 0 0 0 0;}#pcp_wrapper-213 .sp-pcp-post {border: 0px solid #e2e2e2;}#pcp_wrapper-213 .sp-pcp-post {border-radius: 0px;}#pcp_wrapper-213 .sp-pcp-post{background-color: transparent;}.pcp-wrapper-213 .sp-pcp-post-meta li,.pcp-wrapper-213 .sp-pcp-post-meta ul,.pcp-wrapper-213 .sp-pcp-post-meta li a{color: #888;}.pcp-wrapper-213 .sp-pcp-post-meta li a:hover{color: #e1624b;}#pcp_wrapper-213 .pcp-readmore-link{ background: transparent; color: #111; border-color: #888; } #pcp_wrapper-213 .pcp-readmore-link:hover { background: #e1624b; color: #fff; border-color: #e1624b; }#pcp_wrapper-213 .pcp-post-pagination .page-numbers.current, #pcp_wrapper-213 .pcp-post-pagination a.active , #pcp_wrapper-213 .pcp-post-pagination a:hover{ color: #ffffff; background: #e1624b; border-color: #e1624b; }#pcp_wrapper-213 .pcp-post-pagination .page-numbers, .pcp-post-pagination a{ background: #ffffff; color:#5e5e5e; border-color: #bbbbbb; }<\/style>\n<div id=\"pcp_wrapper-213\" class=\"sp-pcp-section sp-pcp-container pcp-wrapper-213\">\n\t<div class=\"sp-pcp-row\">\n\t\t\t\t<div class=\" sp-pcp-col-xs-1 sp-pcp-col-sm-2 sp-pcp-col-md-3 sp-pcp-col-lg-3 sp-pcp-col-xl-3\">\n\t\t\t<div class=\"sp-pcp-post pcp-item-731\" data-id=\"731\">\n\t\t\t\t\t\t\t\t<div class=\"pcp-post-thumb-wrapper\">\n\t\t\t\t\t<div class=\"sp-pcp-post-thumb-area\">\n\t\t\t\t\t\t\t\t\t\t\t\t<a class=\"sp-pcp-thumb\" href=\"https:\/\/www.cvpcpa.gob.sv\/webapp\/firma\/2024\/07\/31\/lanzamiento-firma-electronica\/\" target=\"_self\" >\n\t\t\t\t\t\t\t\t\t\t\t\t\t<img fetchpriority=\"high\" decoding=\"async\" src=\"https:\/\/www.cvpcpa.gob.sv\/webapp\/firma\/wp-content\/uploads\/2024\/08\/Imagen-1-Firma.jpeg\" width=\"1600\" height=\"901\" alt=\"\">\n\t\t\t\t\t\t<\/a>\n\t\t\t\t\t<\/div>\n\t\t\t\t<\/div>\n\t\t\t\t\t\t\t<h2 class=\"sp-pcp-title\">\n\t\t\t\t\t\t\t\t\t<a href=\"https:\/\/www.cvpcpa.gob.sv\/webapp\/firma\/2024\/07\/31\/lanzamiento-firma-electronica\/\"  target=\"_self\">Lanzamiento Firma Electr\u00f3nica<\/a>\t\t\t\t\t\t\t<\/h2>\n\t\t\t\t\t\t<div class=\"sp-pcp-post-meta\">\n\t\t\t<ul><li>\t\t\t\t\t<i class=\"fa fa-calendar\"><\/i>\n\t\t\t\t\t<time class=\"entry-date published updated\">31 de julio de 2024<\/time>\n\t\t\t\t\t<\/li> <li>\t\t\t\t\t\t<i class=\"fa fa-comments-o\"><\/i>\n\t\t\t\t\t\t\t<a href=\"https:\/\/www.cvpcpa.gob.sv\/webapp\/firma\/2024\/07\/31\/lanzamiento-firma-electronica\/\">0<\/a>\n\t\t\t\t\t\t<\/li><\/ul>\t\t<\/div>\n\t\t\t\t\t<div class=\"sp-pcp-post-content\">\n\t\t\t<p>El CVPCPA, est\u00e1 ma\u00f1ana realiz\u00f3 el evento de lanzamiento de la \u00abFirma Electr\u00f3nica Certificada para Auditores, Contadores y Sociedades de Contadur\u00eda P\u00fablica y Auditor\u00eda\u00bb, con la participaci\u00f3n del Ministerio de Econom\u00eda, Direcci\u00f3n General de Impuestos Internos del Ministerio de Hacienda, Superintendencia de Obligaciones Mercantiles, Organismo de Mejora Regulatoria, Centro Nacional de Registros, Fiscal\u00eda General de [&hellip;]<\/p>\n\t\t<div class=\"sp-pcp-readmore\">\n\t\t\t\t\t\t\t<a class=\"pcp-readmore-link\" target=\"_self\" href=\"https:\/\/www.cvpcpa.gob.sv\/webapp\/firma\/2024\/07\/31\/lanzamiento-firma-electronica\/\" >\n\t\t\t\t\t\tLeer M\u00e1s <\/a>\n\t\t<\/div>\n\t\t\t\t\t<\/div>\n\t\t\t\t\t\t<\/div>\n\t\t<\/div>\n\t\t\t\t<div class=\" sp-pcp-col-xs-1 sp-pcp-col-sm-2 sp-pcp-col-md-3 sp-pcp-col-lg-3 sp-pcp-col-xl-3\">\n\t\t\t<div class=\"sp-pcp-post pcp-item-455\" data-id=\"455\">\n\t\t\t\t\t\t\t\t<div class=\"pcp-post-thumb-wrapper\">\n\t\t\t\t\t<div class=\"sp-pcp-post-thumb-area\">\n\t\t\t\t\t\t\t\t\t\t\t\t<a class=\"sp-pcp-thumb\" href=\"https:\/\/www.cvpcpa.gob.sv\/webapp\/firma\/2024\/06\/27\/el-cvpcpa-implementa-firma-electronica-en-sus-procesos-internos\/\" target=\"_self\" >\n\t\t\t\t\t\t\t\t\t\t\t\t\t<img decoding=\"async\" src=\"https:\/\/www.cvpcpa.gob.sv\/webapp\/firma\/wp-content\/uploads\/2024\/06\/ARTES-FIRMA-ELECTRONICA-WEB1.png\" width=\"764\" height=\"561\" alt=\"\">\n\t\t\t\t\t\t<\/a>\n\t\t\t\t\t<\/div>\n\t\t\t\t<\/div>\n\t\t\t\t\t\t\t<h2 class=\"sp-pcp-title\">\n\t\t\t\t\t\t\t\t\t<a href=\"https:\/\/www.cvpcpa.gob.sv\/webapp\/firma\/2024\/06\/27\/el-cvpcpa-implementa-firma-electronica-en-sus-procesos-internos\/\"  target=\"_self\">El CVPCPA implementa Firma Electr\u00f3nica en sus procesos internos.<\/a>\t\t\t\t\t\t\t<\/h2>\n\t\t\t\t\t\t<div class=\"sp-pcp-post-meta\">\n\t\t\t<ul><li>\t\t\t\t\t<i class=\"fa fa-calendar\"><\/i>\n\t\t\t\t\t<time class=\"entry-date published updated\">27 de junio de 2024<\/time>\n\t\t\t\t\t<\/li><\/ul>\t\t<\/div>\n\t\t\t\t\t<div class=\"sp-pcp-post-content\">\n\t\t\t<p>El consejo de Vigilancia de la Profesi\u00f3n de Contadur\u00eda P\u00fablica y Auditor\u00eda, desde el a\u00f1o 2023, ha incorporado la Firma Electr\u00f3nica, en algunos documentos administrativos internos, lo que nos ha permitido agilizar los tiempos de respuesta a nuestros usuarios, adem\u00e1s de poder ampliar el panorama del funcionamiento y resguardo de los documentos firmados bajo esta [&hellip;]<\/p>\n\t\t<div class=\"sp-pcp-readmore\">\n\t\t\t\t\t\t\t<a class=\"pcp-readmore-link\" target=\"_self\" href=\"https:\/\/www.cvpcpa.gob.sv\/webapp\/firma\/2024\/06\/27\/el-cvpcpa-implementa-firma-electronica-en-sus-procesos-internos\/\" >\n\t\t\t\t\t\tLeer M\u00e1s <\/a>\n\t\t<\/div>\n\t\t\t\t\t<\/div>\n\t\t\t\t\t\t<\/div>\n\t\t<\/div>\n\t\t\t\t<div class=\" sp-pcp-col-xs-1 sp-pcp-col-sm-2 sp-pcp-col-md-3 sp-pcp-col-lg-3 sp-pcp-col-xl-3\">\n\t\t\t<div class=\"sp-pcp-post pcp-item-452\" data-id=\"452\">\n\t\t\t\t\t\t\t\t<div class=\"pcp-post-thumb-wrapper\">\n\t\t\t\t\t<div class=\"sp-pcp-post-thumb-area\">\n\t\t\t\t\t\t\t\t\t\t\t\t<a class=\"sp-pcp-thumb\" href=\"https:\/\/www.cvpcpa.gob.sv\/webapp\/firma\/2024\/06\/27\/mesa-tecnica-con-asociaciones-profesionales-en-analisis-de-la-firma-electronica-certificada-para-profesionales-de-la-contabilidad\/\" target=\"_self\" >\n\t\t\t\t\t\t\t\t\t\t\t\t\t<img decoding=\"async\" src=\"https:\/\/www.cvpcpa.gob.sv\/webapp\/firma\/wp-content\/uploads\/2024\/06\/DSC2-scaled.jpg\" width=\"2560\" height=\"1451\" alt=\"\">\n\t\t\t\t\t\t<\/a>\n\t\t\t\t\t<\/div>\n\t\t\t\t<\/div>\n\t\t\t\t\t\t\t<h2 class=\"sp-pcp-title\">\n\t\t\t\t\t\t\t\t\t<a href=\"https:\/\/www.cvpcpa.gob.sv\/webapp\/firma\/2024\/06\/27\/mesa-tecnica-con-asociaciones-profesionales-en-analisis-de-la-firma-electronica-certificada-para-profesionales-de-la-contabilidad\/\"  target=\"_self\">Mesa T\u00e9cnica con Asociaciones Profesionales en an\u00e1lisis de la Firma Electr\u00f3nica Certificada para profesionales de la contabilidad.<\/a>\t\t\t\t\t\t\t<\/h2>\n\t\t\t\t\t\t<div class=\"sp-pcp-post-meta\">\n\t\t\t<ul><li>\t\t\t\t\t<i class=\"fa fa-calendar\"><\/i>\n\t\t\t\t\t<time class=\"entry-date published updated\">27 de junio de 2024<\/time>\n\t\t\t\t\t<\/li><\/ul>\t\t<\/div>\n\t\t\t\t\t<div class=\"sp-pcp-post-content\">\n\t\t\t<p>El pasado 14 de junio de 2024, El consejo de Vigilancia de la Profesi\u00f3n de Contadur\u00eda P\u00fablica y Auditor\u00eda, convoc\u00f3 a las Asociaciones Profesionales de la contadur\u00eda p\u00fablica para informar acerca del proyecto de firma electr\u00f3nica certificada para profesionales autorizados por este consejo, donde se escuch\u00f3 el an\u00e1lisis de cada asociaci\u00f3n y su criterio sobre [&hellip;]<\/p>\n\t\t<div class=\"sp-pcp-readmore\">\n\t\t\t\t\t\t\t<a class=\"pcp-readmore-link\" target=\"_self\" href=\"https:\/\/www.cvpcpa.gob.sv\/webapp\/firma\/2024\/06\/27\/mesa-tecnica-con-asociaciones-profesionales-en-analisis-de-la-firma-electronica-certificada-para-profesionales-de-la-contabilidad\/\" >\n\t\t\t\t\t\tLeer M\u00e1s <\/a>\n\t\t<\/div>\n\t\t\t\t\t<\/div>\n\t\t\t\t\t\t<\/div>\n\t\t<\/div>\n\t\t\t\t<div class=\" sp-pcp-col-xs-1 sp-pcp-col-sm-2 sp-pcp-col-md-3 sp-pcp-col-lg-3 sp-pcp-col-xl-3\">\n\t\t\t<div class=\"sp-pcp-post pcp-item-448\" data-id=\"448\">\n\t\t\t\t\t\t\t\t<div class=\"pcp-post-thumb-wrapper\">\n\t\t\t\t\t<div class=\"sp-pcp-post-thumb-area\">\n\t\t\t\t\t\t\t\t\t\t\t\t<a class=\"sp-pcp-thumb\" href=\"https:\/\/www.cvpcpa.gob.sv\/webapp\/firma\/2024\/06\/26\/desarrollando-alianzas-interinstitucionales-con-el-centro-nacional-de-registros\/\" target=\"_self\" >\n\t\t\t\t\t\t\t\t\t\t\t\t\t<img loading=\"lazy\" decoding=\"async\" src=\"https:\/\/www.cvpcpa.gob.sv\/webapp\/firma\/wp-content\/uploads\/2024\/06\/DSC1-scaled.jpg\" width=\"2560\" height=\"1443\" alt=\"\">\n\t\t\t\t\t\t<\/a>\n\t\t\t\t\t<\/div>\n\t\t\t\t<\/div>\n\t\t\t\t\t\t\t<h2 class=\"sp-pcp-title\">\n\t\t\t\t\t\t\t\t\t<a href=\"https:\/\/www.cvpcpa.gob.sv\/webapp\/firma\/2024\/06\/26\/desarrollando-alianzas-interinstitucionales-con-el-centro-nacional-de-registros\/\"  target=\"_self\">Desarrollando alianzas interinstitucionales con el Centro Nacional de Registros.<\/a>\t\t\t\t\t\t\t<\/h2>\n\t\t\t\t\t\t<div class=\"sp-pcp-post-meta\">\n\t\t\t<ul><li>\t\t\t\t\t<i class=\"fa fa-calendar\"><\/i>\n\t\t\t\t\t<time class=\"entry-date published updated\">26 de junio de 2024<\/time>\n\t\t\t\t\t<\/li><\/ul>\t\t<\/div>\n\t\t\t\t\t<div class=\"sp-pcp-post-content\">\n\t\t\t<p>El Consejo de Vigilancia de la Profesi\u00f3n de Contadur\u00eda P\u00fablica y Auditor\u00eda, desde finales del\u00a0 2023 a la fecha, continua realizando esfuerzos, analizando factibilidad en los beneficios para la\u00a0 introducci\u00f3n de la firma electr\u00f3nica certificada, en la profesi\u00f3n contable, por ello se han sostenido reuniones con el Centro Nacional de Registros,\u00a0 una de las instituciones [&hellip;]<\/p>\n\t\t<div class=\"sp-pcp-readmore\">\n\t\t\t\t\t\t\t<a class=\"pcp-readmore-link\" target=\"_self\" href=\"https:\/\/www.cvpcpa.gob.sv\/webapp\/firma\/2024\/06\/26\/desarrollando-alianzas-interinstitucionales-con-el-centro-nacional-de-registros\/\" >\n\t\t\t\t\t\tLeer M\u00e1s <\/a>\n\t\t<\/div>\n\t\t\t\t\t<\/div>\n\t\t\t\t\t\t<\/div>\n\t\t<\/div>\n\t\t\t\t<div class=\" sp-pcp-col-xs-1 sp-pcp-col-sm-2 sp-pcp-col-md-3 sp-pcp-col-lg-3 sp-pcp-col-xl-3\">\n\t\t\t<div class=\"sp-pcp-post pcp-item-445\" data-id=\"445\">\n\t\t\t\t\t\t\t\t<div class=\"pcp-post-thumb-wrapper\">\n\t\t\t\t\t<div class=\"sp-pcp-post-thumb-area\">\n\t\t\t\t\t\t\t\t\t\t\t\t<a class=\"sp-pcp-thumb\" href=\"https:\/\/www.cvpcpa.gob.sv\/webapp\/firma\/2024\/06\/26\/uanataca-proveedor-oficial-del-cvpcpa-en-firma-electronica\/\" target=\"_self\" >\n\t\t\t\t\t\t\t\t\t\t\t\t\t<img loading=\"lazy\" decoding=\"async\" src=\"https:\/\/www.cvpcpa.gob.sv\/webapp\/firma\/wp-content\/uploads\/2024\/06\/ARTES-FIRMA-ELECTRONICA-WEB2.png\" width=\"800\" height=\"591\" alt=\"\">\n\t\t\t\t\t\t<\/a>\n\t\t\t\t\t<\/div>\n\t\t\t\t<\/div>\n\t\t\t\t\t\t\t<h2 class=\"sp-pcp-title\">\n\t\t\t\t\t\t\t\t\t<a href=\"https:\/\/www.cvpcpa.gob.sv\/webapp\/firma\/2024\/06\/26\/uanataca-proveedor-oficial-del-cvpcpa-en-firma-electronica\/\"  target=\"_self\">Uanataca Proveedor Oficial del CVPCPA en Firma Electr\u00f3nica<\/a>\t\t\t\t\t\t\t<\/h2>\n\t\t\t\t\t\t<div class=\"sp-pcp-post-meta\">\n\t\t\t<ul><li>\t\t\t\t\t<i class=\"fa fa-calendar\"><\/i>\n\t\t\t\t\t<time class=\"entry-date published updated\">26 de junio de 2024<\/time>\n\t\t\t\t\t<\/li><\/ul>\t\t<\/div>\n\t\t\t\t\t<div class=\"sp-pcp-post-content\">\n\t\t\t<p>El Consejo de Vigilancia de la Profesi\u00f3n de Contadur\u00eda P\u00fablica y Auditor\u00eda, a trav\u00e9s del proveedor UANATACA, quienes brindamos servicios electr\u00f3nicos especializados y en cumplimiento regulatorio, orientados a garantizar una digitalizaci\u00f3n de confianza y efectiva en empresas e instituciones. Por lo que este Consejo ha incorporado el uso de firma electr\u00f3nica a nivel institucional y [&hellip;]<\/p>\n\t\t<div class=\"sp-pcp-readmore\">\n\t\t\t\t\t\t\t<a class=\"pcp-readmore-link\" target=\"_self\" href=\"https:\/\/www.cvpcpa.gob.sv\/webapp\/firma\/2024\/06\/26\/uanataca-proveedor-oficial-del-cvpcpa-en-firma-electronica\/\" >\n\t\t\t\t\t\tLeer M\u00e1s <\/a>\n\t\t<\/div>\n\t\t\t\t\t<\/div>\n\t\t\t\t\t\t<\/div>\n\t\t<\/div>\n\t\t\t\t<div class=\" sp-pcp-col-xs-1 sp-pcp-col-sm-2 sp-pcp-col-md-3 sp-pcp-col-lg-3 sp-pcp-col-xl-3\">\n\t\t\t<div class=\"sp-pcp-post pcp-item-431\" data-id=\"431\">\n\t\t\t\t\t\t\t\t<div class=\"pcp-post-thumb-wrapper\">\n\t\t\t\t\t<div class=\"sp-pcp-post-thumb-area\">\n\t\t\t\t\t\t\t\t\t\t\t\t<a class=\"sp-pcp-thumb\" href=\"https:\/\/www.cvpcpa.gob.sv\/webapp\/firma\/2024\/06\/26\/primeros-acercamientos-con-la-unidad-de-firma-electronica-del-ministerio-de-economia\/\" target=\"_self\" >\n\t\t\t\t\t\t\t\t\t\t\t\t\t<img loading=\"lazy\" decoding=\"async\" src=\"https:\/\/www.cvpcpa.gob.sv\/webapp\/firma\/wp-content\/uploads\/2024\/05\/prom_firma_electronica_MINEC.png\" width=\"1100\" height=\"741\" alt=\"\">\n\t\t\t\t\t\t<\/a>\n\t\t\t\t\t<\/div>\n\t\t\t\t<\/div>\n\t\t\t\t\t\t\t<h2 class=\"sp-pcp-title\">\n\t\t\t\t\t\t\t\t\t<a href=\"https:\/\/www.cvpcpa.gob.sv\/webapp\/firma\/2024\/06\/26\/primeros-acercamientos-con-la-unidad-de-firma-electronica-del-ministerio-de-economia\/\"  target=\"_self\">Primeros acercamientos con la Unidad de Firma Electr\u00f3nica del Ministerio de Econom\u00eda.<\/a>\t\t\t\t\t\t\t<\/h2>\n\t\t\t\t\t\t<div class=\"sp-pcp-post-meta\">\n\t\t\t<ul><li>\t\t\t\t\t<i class=\"fa fa-calendar\"><\/i>\n\t\t\t\t\t<time class=\"entry-date published updated\">26 de junio de 2024<\/time>\n\t\t\t\t\t<\/li><\/ul>\t\t<\/div>\n\t\t\t\t\t<div class=\"sp-pcp-post-content\">\n\t\t\t<p>En octubre de 2023, se iniciaron primeras conversaciones con el jefe de la unidad de Firma electr\u00f3nica del Ministerio de Econom\u00eda, Ingeniero Oscar Cruz, sobre firma electr\u00f3nica certificada, con la iniciativa de analizar su implementaci\u00f3n en el \u00e1mbito contable y ser utilizada por profesionales autorizados; desde ese momento el Consejo con una amplia visi\u00f3n de [&hellip;]<\/p>\n\t\t<div class=\"sp-pcp-readmore\">\n\t\t\t\t\t\t\t<a class=\"pcp-readmore-link\" target=\"_self\" href=\"https:\/\/www.cvpcpa.gob.sv\/webapp\/firma\/2024\/06\/26\/primeros-acercamientos-con-la-unidad-de-firma-electronica-del-ministerio-de-economia\/\" >\n\t\t\t\t\t\tLeer M\u00e1s <\/a>\n\t\t<\/div>\n\t\t\t\t\t<\/div>\n\t\t\t\t\t\t<\/div>\n\t\t<\/div>\n\t\t\t<\/div>\n\t\t<span class=\"sp-pcp-pagination-data\" style=\"display:none;\"><\/span>\n\n\t\t<nav class=\"pcp-post-pagination pcp-on-desktop\">\n\t\t\t\t\t<\/nav>\n\t\t\t\t\t<nav class=\"pcp-post-pagination pcp-on-mobile\">\n\t\t\t\t\t<\/nav>\n\t\t\t\t<\/div>\n<\/div>","protected":false},"excerpt":{"rendered":"","protected":false},"author":1,"featured_media":0,"parent":0,"menu_order":0,"comment_status":"closed","ping_status":"closed","template":"single-product","meta":{"saved_in_kubio":false,"_joinchat":[],"footnotes":""},"class_list":["post-26","page","type-page","status-publish","hentry"],"kubio_ai_page_context":{"short_desc":"","purpose":"general"},"publishpress_future_action":{"enabled":false,"date":"2026-05-20 11:44:04","action":"change-status","newStatus":"draft","terms":[],"taxonomy":""},"_links":{"self":[{"href":"https:\/\/www.cvpcpa.gob.sv\/webapp\/firma\/wp-json\/wp\/v2\/pages\/26","targetHints":{"allow":["GET"]}}],"collection":[{"href":"https:\/\/www.cvpcpa.gob.sv\/webapp\/firma\/wp-json\/wp\/v2\/pages"}],"about":[{"href":"https:\/\/www.cvpcpa.gob.sv\/webapp\/firma\/wp-json\/wp\/v2\/types\/page"}],"author":[{"embeddable":true,"href":"https:\/\/www.cvpcpa.gob.sv\/webapp\/firma\/wp-json\/wp\/v2\/users\/1"}],"replies":[{"embeddable":true,"href":"https:\/\/www.cvpcpa.gob.sv\/webapp\/firma\/wp-json\/wp\/v2\/comments?post=26"}],"version-history":[{"count":14,"href":"https:\/\/www.cvpcpa.gob.sv\/webapp\/firma\/wp-json\/wp\/v2\/pages\/26\/revisions"}],"predecessor-version":[{"id":215,"href":"https:\/\/www.cvpcpa.gob.sv\/webapp\/firma\/wp-json\/wp\/v2\/pages\/26\/revisions\/215"}],"wp:attachment":[{"href":"https:\/\/www.cvpcpa.gob.sv\/webapp\/firma\/wp-json\/wp\/v2\/media?parent=26"}],"curies":[{"name":"wp","href":"https:\/\/api.w.org\/{rel}","templated":true}]}}